{"id":1025,"date":"2012-11-24T21:31:04","date_gmt":"2012-11-24T21:31:04","guid":{"rendered":"http:\/\/eurolab.md\/kontakty\/"},"modified":"2025-12-16T02:13:57","modified_gmt":"2025-12-16T00:13:57","slug":"contacts","status":"publish","type":"page","link":"https:\/\/www.eurolab.md\/ru\/contacts\/","title":{"rendered":"\u041a\u041e\u041d\u0422\u0410\u041a\u0422\u042b"},"content":{"rendered":"<p style=\"text-align: center;\"><span style=\"color: #bf1e2e;\"><strong>\u041b\u0435\u0447\u0435\u0431\u043d\u043e &#8212; \u0434\u0438\u0430\u0433\u043d\u043e\u0441\u0442\u0438\u0447\u0435\u0441\u043a\u0438\u0439 \u0446\u0435\u043d\u0442\u0440 &#171;Eurolab&#187;<\/strong><\/span><br \/>\n\u0420\u0435\u0441\u043f\u0443\u0431\u043b\u0438\u043a\u0430 \u041c\u043e\u043b\u0434\u043e\u0432\u0430, \u043c\u0443\u043d.\u041a\u0438\u0448\u0438\u043d\u044d\u0443,<br \/>\n\u0421\u0435\u043a\u0442\u043e\u0440 \u0411\u043e\u0442\u0430\u043d\u0438\u043a\u0430, \u0431\u0443\u043b.\u0422\u0440\u0430\u044f\u043d, 7\/1, MD-2060<\/p>\n<p style=\"text-align: center;\">\u0422\u0435l.: \u00a0 \u00a0 022 944 944, 069 944 944<\/p>\n<p style=\"text-align: center;\">WhatsApp: +373 69 944 944<br \/>\nFax.: \u00a0 \u00a0022 859 755<br \/>\nE-mail: info@eurolab.md<\/p>\n<p style=\"text-align: center;\">\u0443\u043b. \u041a\u0430\u0440\u0442\u0443\u0448\u0430, 52, \u0433. \u0414\u0443\u0440\u043b\u0435\u0448\u0442\u044b, \u0420\u0435\u0441\u043f\u0443\u0431\u043b\u0438\u043a\u0430 \u041c\u043e\u043b\u0434\u043e\u0432\u0430<\/p>\n<p style=\"text-align: center;\">\u0422\u0435l.: \u00a0 \u00a0 022 022 688, 060 200 588<\/p>\n<p style=\"text-align: center;\">WhatsApp: +373 60 200 588<\/p>\n<p style=\"text-align: center;\"><strong>Desf\u0103\u0219urarea audien\u021bei \u00een cadrul EUROLAB SRL<\/strong><\/p>\n<table style=\"height: 372px; width: 1242px;\">\n<tbody>\n<tr>\n<td style=\"width: 450.578px;\"><strong>Mar\u021bi<\/strong><\/td>\n<td style=\"width: 443.422px;\"><strong>Director\u00a0 <\/strong><\/td>\n<td style=\"width: 323px;\"><strong>12\u02da\u02da &#8212; 14 \u02da\u02da<\/strong><\/td>\n<\/tr>\n<tr>\n<td style=\"width: 450.578px;\"><strong>Miercuri<\/strong><\/td>\n<td style=\"width: 443.422px;\"><strong>Medic \u0219ef<\/strong><\/td>\n<td style=\"width: 323px;\"><strong>13\u02da\u02da &#8212; 15 \u02da\u02da<\/strong><\/td>\n<\/tr>\n<tr>\n<td style=\"width: 450.578px;\"><strong>Joi\u00a0 <\/strong><\/td>\n<td style=\"width: 443.422px;\"><strong>\u0218ef laborator\u00a0 <\/strong><\/p>\n<p><strong>analize medicale<\/strong><\/td>\n<td style=\"width: 323px;\"><strong>12\u02da\u02da &#8212; 14 \u02da\u02da<\/strong><\/td>\n<\/tr>\n<tr>\n<td style=\"width: 450.578px;\"><strong>\u00a0<\/strong><\/p>\n<p><strong>Vineri<\/strong><\/td>\n<td style=\"width: 443.422px;\"><strong>\u00a0<\/strong><\/p>\n<p><strong>MRU<\/strong><\/td>\n<td style=\"width: 323px;\"><strong>\u00a0<\/strong><\/p>\n<p style=\"text-align: left;\"><strong>12\u02da\u02da &#8212; 14 \u02da\u02da<\/strong><\/p>\n<\/td>\n<\/tr>\n<\/tbody>\n<\/table>\n<p><strong><em>* Pentru problemele care necesit\u0103 consultarea CML Eurolab \u00een afara programului de lucru, exist\u0103 posibilitatea solicit\u0103rii unei program\u0103ri cu conducerea centrului<\/em><\/strong><\/p>\n<p><strong><em>\u036f\u00a0 Solicit\u0103rile Dvs. pot fi f\u0103cute \u00een scris \u0219i la adresa de e-mail <\/em><\/strong><a href=\"https:\/\/e.mail.ru\/compose?To=info@eurolab.md\"><strong>info@eurolab.md<\/strong><\/a><\/p>\n","protected":false},"excerpt":{"rendered":"<p>\u041b\u0435\u0447\u0435\u0431\u043d\u043e &#8212; \u0434\u0438\u0430\u0433\u043d\u043e\u0441\u0442\u0438\u0447\u0435\u0441\u043a\u0438\u0439 \u0446\u0435\u043d\u0442\u0440 &#171;Eurolab&#187; \u0420\u0435\u0441\u043f\u0443\u0431\u043b\u0438\u043a\u0430 \u041c\u043e\u043b\u0434\u043e\u0432\u0430, \u043c\u0443\u043d.\u041a\u0438\u0448\u0438\u043d\u044d\u0443, \u0421\u0435\u043a\u0442\u043e\u0440 \u0411\u043e\u0442\u0430\u043d\u0438\u043a\u0430, \u0431\u0443\u043b.\u0422\u0440\u0430\u044f\u043d, 7\/1, MD-2060 \u0422\u0435l.: \u00a0 \u00a0 022 944 944, 069 944 944 WhatsApp: +373 69 944 944 Fax.: \u00a0 \u00a0022 859 755 E-mail: info@eurolab.md \u0443\u043b. \u041a\u0430\u0440\u0442\u0443\u0448\u0430, 52, \u0433. \u0414\u0443\u0440\u043b\u0435\u0448\u0442\u044b, \u0420\u0435\u0441\u043f\u0443\u0431\u043b\u0438\u043a\u0430 \u041c\u043e\u043b\u0434\u043e\u0432\u0430 \u0422\u0435l.: \u00a0 \u00a0 022 022 688, 060 200 588 WhatsApp: +373 60 200 588 [&hellip;]<\/p>\n","protected":false},"author":1,"featured_media":0,"parent":0,"menu_order":72,"comment_status":"open","ping_status":"closed","template":"contact-template.php","meta":[],"_links":{"self":[{"href":"https:\/\/www.eurolab.md\/ru\/wp-json\/wp\/v2\/pages\/1025"}],"collection":[{"href":"https:\/\/www.eurolab.md\/ru\/wp-json\/wp\/v2\/pages"}],"about":[{"href":"https:\/\/www.eurolab.md\/ru\/wp-json\/wp\/v2\/types\/page"}],"author":[{"embeddable":true,"href":"https:\/\/www.eurolab.md\/ru\/wp-json\/wp\/v2\/users\/1"}],"replies":[{"embeddable":true,"href":"https:\/\/www.eurolab.md\/ru\/wp-json\/wp\/v2\/comments?post=1025"}],"version-history":[{"count":4,"href":"https:\/\/www.eurolab.md\/ru\/wp-json\/wp\/v2\/pages\/1025\/revisions"}],"predecessor-version":[{"id":12407,"href":"https:\/\/www.eurolab.md\/ru\/wp-json\/wp\/v2\/pages\/1025\/revisions\/12407"}],"wp:attachment":[{"href":"https:\/\/www.eurolab.md\/ru\/wp-json\/wp\/v2\/media?parent=1025"}],"curies":[{"name":"wp","href":"https:\/\/api.w.org\/{rel}","templated":true}]}}